{"id":10,"date":"2021-06-30T13:35:09","date_gmt":"2021-06-30T13:35:09","guid":{"rendered":"https:\/\/germanairways.com\/?page_id=10"},"modified":"2024-10-14T08:03:16","modified_gmt":"2024-10-14T06:03:16","slug":"home","status":"publish","type":"page","link":"https:\/\/germanairways.com\/en\/home","title":{"rendered":"Home"},"content":{"rendered":"<p><video width=\"1920\" controls loop autoplay muted><source src=\"https:\/\/germanairways.com\/wp-content\/uploads\/2022\/GermanAirways_Imagefilm_2048x858_V9.mp4\" type=\"video\/mp4\">Your browser does not support the video tag.<\/video><br \/>\n  <!--\n      <img decoding=\"async\" src=\"https:\/\/germanairways.com\/wp-content\/uploads\/2022\/01\/211021_German-Airways_B2B_Startseite_Header_Winter-1.png\">\n  --><br \/>\n<!--\n<img decoding=\"async\" src=\"https:\/\/germanairways.com\/wp-content\/uploads\/2024\/10\/DKBP-GAW-Banner.png\" style=\"position:relative; margin-top: -8%;\">-->\t\t<\/p>\n<style>\/*! elementor - v3.23.0 - 05-08-2024 *\/\n.elementor-heading-title{padding:0;margin:0;line-height:1}.elementor-widget-heading .elementor-heading-title[class*=elementor-size-]>a{color:inherit;font-size:inherit;line-height:inherit}.elementor-widget-heading .elementor-heading-title.elementor-size-small{font-size:15px}.elementor-widget-heading .elementor-heading-title.elementor-size-medium{font-size:19px}.elementor-widget-heading .elementor-heading-title.elementor-size-large{font-size:29px}.elementor-widget-heading .elementor-heading-title.elementor-size-xl{font-size:39px}.elementor-widget-heading .elementor-heading-title.elementor-size-xxl{font-size:59px}<\/style>\n<h1>F\u00fcr Sie unterwegs in Europa. <font color=\"#b8093d\">Luftfahrt nach Ihren W\u00fcnschen.<\/font><\/h1>\n<style>.elementor-element-1741fe8{display:none !important}<\/style>\n<p style=\"text-align: left;\">Mit \u00fcber 60 Jahren Luftfahrterfahrung sind wir Deutschlands zweit\u00e4lteste Fluggesellschaft. Durch erstklassigen Service, h\u00f6chsten Komfort und absolute Flexibilit\u00e4t haben wir uns als verl\u00e4sslicher Partner von Europas f\u00fchrenden Fluggesellschaften und Unternehmen etabliert. Als Spezialisten im Wet-Lease- und Chartergesch\u00e4ft wissen wir, wie man individuelle Anforderungen bis ins letzte Detail umsetzt.<\/p>\n<p><a style=\"max-width: 200px; border-radius: 0;\" href=\"https:\/\/germanairways.com\/kontakt\">Kontakt aufnehmen<\/a><\/p>\n<p style=\"text-align: left;\">We are Germany\u2019s second oldest airline with over 60 years of aviation experience. First-class service, maximum comfort and absolute flexibility have established us as a reliable partner for Europe&#8217;s leading airlines and corporations. As specialists in the wet lease and charter business, we know how to implement individual requirements down to the last detail.<\/p>\n<p><a style=\"max-width: 200px; border-radius: 0;\" href=\"https:\/\/germanairways.com\/en\/kontakt\/\">Contact us<\/a>\t\t<\/p>\n<h2 style=\"line-height: 1.3;color: #fff !important;\n    margin: 9px 30px 37px;\n    font-size: 4rem;\n    font-weight: normal;\"><br \/>\n        Werde Teil der<br \/>\n        German Airways Crew<br \/>\n    <\/h2>\n<p>    <a style=\"margin-left: 30px;\n    padding: 0.5rem 0rem;\n    max-width: 230px;\" href=\"https:\/\/germanairways.com\/karriere\">Jetzt Bewerben<\/a><\/p>\n<style>\/*! elementor - v3.23.0 - 05-08-2024 *\/\n.elementor-column .elementor-spacer-inner{height:var(--spacer-size)}.e-con{--container-widget-width:100%}.e-con-inner>.elementor-widget-spacer,.e-con>.elementor-widget-spacer{width:var(--container-widget-width,var(--spacer-size));--align-self:var(--container-widget-align-self,initial);--flex-shrink:0}.e-con-inner>.elementor-widget-spacer>.elementor-widget-container,.e-con>.elementor-widget-spacer>.elementor-widget-container{height:100%;width:100%}.e-con-inner>.elementor-widget-spacer>.elementor-widget-container>.elementor-spacer,.e-con>.elementor-widget-spacer>.elementor-widget-container>.elementor-spacer{height:100%}.e-con-inner>.elementor-widget-spacer>.elementor-widget-container>.elementor-spacer>.elementor-spacer-inner,.e-con>.elementor-widget-spacer>.elementor-widget-container>.elementor-spacer>.elementor-spacer-inner{height:var(--container-widget-height,var(--spacer-size))}.e-con-inner>.elementor-widget-spacer.elementor-widget-empty,.e-con>.elementor-widget-spacer.elementor-widget-empty{position:relative;min-height:22px;min-width:22px}.e-con-inner>.elementor-widget-spacer.elementor-widget-empty .elementor-widget-empty-icon,.e-con>.elementor-widget-spacer.elementor-widget-empty .elementor-widget-empty-icon{position:absolute;top:0;bottom:0;left:0;right:0;margin:auto;padding:0;width:22px;height:22px}<\/style>\n<h2>News<\/h2>\n<style>\/*! elementor - v3.23.0 - 05-08-2024 *\/\n.elementor-widget-divider{--divider-border-style:none;--divider-border-width:1px;--divider-color:#0c0d0e;--divider-icon-size:20px;--divider-element-spacing:10px;--divider-pattern-height:24px;--divider-pattern-size:20px;--divider-pattern-url:none;--divider-pattern-repeat:repeat-x}.elementor-widget-divider .elementor-divider{display:flex}.elementor-widget-divider .elementor-divider__text{font-size:15px;line-height:1;max-width:95%}.elementor-widget-divider .elementor-divider__element{margin:0 var(--divider-element-spacing);flex-shrink:0}.elementor-widget-divider .elementor-icon{font-size:var(--divider-icon-size)}.elementor-widget-divider .elementor-divider-separator{display:flex;margin:0;direction:ltr}.elementor-widget-divider--view-line_icon .elementor-divider-separator,.elementor-widget-divider--view-line_text .elementor-divider-separator{align-items:center}.elementor-widget-divider--view-line_icon .elementor-divider-separator:after,.elementor-widget-divider--view-line_icon .elementor-divider-separator:before,.elementor-widget-divider--view-line_text .elementor-divider-separator:after,.elementor-widget-divider--view-line_text .elementor-divider-separator:before{display:block;content:\"\";border-block-end:0;flex-grow:1;border-block-start:var(--divider-border-width) var(--divider-border-style) var(--divider-color)}.elementor-widget-divider--element-align-left .elementor-divider .elementor-divider-separator>.elementor-divider__svg:first-of-type{flex-grow:0;flex-shrink:100}.elementor-widget-divider--element-align-left .elementor-divider-separator:before{content:none}.elementor-widget-divider--element-align-left .elementor-divider__element{margin-left:0}.elementor-widget-divider--element-align-right .elementor-divider .elementor-divider-separator>.elementor-divider__svg:last-of-type{flex-grow:0;flex-shrink:100}.elementor-widget-divider--element-align-right .elementor-divider-separator:after{content:none}.elementor-widget-divider--element-align-right .elementor-divider__element{margin-right:0}.elementor-widget-divider--element-align-start .elementor-divider .elementor-divider-separator>.elementor-divider__svg:first-of-type{flex-grow:0;flex-shrink:100}.elementor-widget-divider--element-align-start .elementor-divider-separator:before{content:none}.elementor-widget-divider--element-align-start .elementor-divider__element{margin-inline-start:0}.elementor-widget-divider--element-align-end .elementor-divider .elementor-divider-separator>.elementor-divider__svg:last-of-type{flex-grow:0;flex-shrink:100}.elementor-widget-divider--element-align-end .elementor-divider-separator:after{content:none}.elementor-widget-divider--element-align-end .elementor-divider__element{margin-inline-end:0}.elementor-widget-divider:not(.elementor-widget-divider--view-line_text):not(.elementor-widget-divider--view-line_icon) .elementor-divider-separator{border-block-start:var(--divider-border-width) var(--divider-border-style) var(--divider-color)}.elementor-widget-divider--separator-type-pattern{--divider-border-style:none}.elementor-widget-divider--separator-type-pattern.elementor-widget-divider--view-line .elementor-divider-separator,.elementor-widget-divider--separator-type-pattern:not(.elementor-widget-divider--view-line) .elementor-divider-separator:after,.elementor-widget-divider--separator-type-pattern:not(.elementor-widget-divider--view-line) .elementor-divider-separator:before,.elementor-widget-divider--separator-type-pattern:not([class*=elementor-widget-divider--view]) .elementor-divider-separator{width:100%;min-height:var(--divider-pattern-height);-webkit-mask-size:var(--divider-pattern-size) 100%;mask-size:var(--divider-pattern-size) 100%;-webkit-mask-repeat:var(--divider-pattern-repeat);mask-repeat:var(--divider-pattern-repeat);background-color:var(--divider-color);-webkit-mask-image:var(--divider-pattern-url);mask-image:var(--divider-pattern-url)}.elementor-widget-divider--no-spacing{--divider-pattern-size:auto}.elementor-widget-divider--bg-round{--divider-pattern-repeat:round}.rtl .elementor-widget-divider .elementor-divider__text{direction:rtl}.e-con-inner>.elementor-widget-divider,.e-con>.elementor-widget-divider{width:var(--container-widget-width,100%);--flex-grow:var(--container-widget-flex-grow)}<\/style>\n<p>\t\t[newsslider]\t\t<\/p>\n<h2>Unsere Flotte<\/h2>\n<p>\t\t\t\t\t\t\t\t<img loading=\"lazy\" decoding=\"async\" width=\"632\" height=\"474\" src=\"https:\/\/germanairways.com\/wp-content\/uploads\/2021\/10\/Tonwertkorrektur-1.png\" alt=\"\" \/><br \/>\n\t\t\t\t\t\t\t\t<img loading=\"lazy\" decoding=\"async\" width=\"632\" height=\"474\" src=\"https:\/\/germanairways.com\/wp-content\/uploads\/2021\/10\/20201215_093941.png\" alt=\"\" \/><br \/>\n\t\t\t\t\t\t\t\t<img loading=\"lazy\" decoding=\"async\" width=\"632\" height=\"474\" src=\"https:\/\/germanairways.com\/wp-content\/uploads\/2021\/10\/Landing-D-AZFA-RWY-14L-05-1.png\" alt=\"\" \/><br \/>\n\t\t\t\t\t\t\t\t<img loading=\"lazy\" decoding=\"async\" width=\"632\" height=\"474\" src=\"https:\/\/germanairways.com\/wp-content\/uploads\/2021\/10\/20200217_091353.png\" alt=\"\" \/><br \/>\n\t\t\t\t\t\t\t\t<img loading=\"lazy\" decoding=\"async\" width=\"632\" height=\"474\" src=\"https:\/\/germanairways.com\/wp-content\/uploads\/2021\/10\/inbound-D-ACJJ-05.png\" alt=\"\" \/><br \/>\n\t\t\t\t\t\t\t\t<img loading=\"lazy\" decoding=\"async\" width=\"632\" height=\"474\" src=\"https:\/\/germanairways.com\/wp-content\/uploads\/2021\/10\/D-AZFA-GA-Stickers-4-1.png\" alt=\"\" \/>\t\t\t\t\t\t\t<\/p>\n<h2>Karriere<\/h2>\n<p>\t\t\t\t\t\t\t\t<img loading=\"lazy\" decoding=\"async\" width=\"630\" height=\"400\" src=\"https:\/\/germanairways.com\/wp-content\/uploads\/2023\/06\/Cockpit-Embraer.jpg\" alt=\"\" \/>\t\t\t\t\t\t\t<\/p>\n<p>Cockpit<br \/>\nZu den Stellenanzeigen<\/p>\n<p>\t\t\t\t\t\t\t\t\t\t<a href=\"https:\/\/germanairways.com\/karriere\"><br \/>\n\t\t\t\t\t\t\t<\/a><br \/>\n\t\t\t\t\t\t\t\t<img loading=\"lazy\" decoding=\"async\" width=\"630\" height=\"400\" src=\"https:\/\/germanairways.com\/wp-content\/uploads\/2022\/05\/Kabine_Crew_630x400.png\" alt=\"\" \/>\t\t\t\t\t\t\t<\/p>\n<p>Kabine<br \/>\nZu den Stellenanzeigen<\/p>\n<p>\t\t\t\t\t\t\t\t\t\t<a href=\"https:\/\/germanairways.com\/karriere\"><br \/>\n\t\t\t\t\t\t\t<\/a><br \/>\n\t\t\t\t\t\t\t\t<img loading=\"lazy\" decoding=\"async\" width=\"630\" height=\"400\" src=\"https:\/\/germanairways.com\/wp-content\/uploads\/2022\/05\/Techniker_630x400.png\" alt=\"\" \/>\t\t\t\t\t\t\t<\/p>\n<p>Technik<br \/>\nZu den Stellenanzeigen<\/p>\n<p>\t\t\t\t\t\t\t\t\t\t<a href=\"https:\/\/germanairways.com\/karriere\"><br \/>\n\t\t\t\t\t\t\t<\/a><br \/>\n\t\t\t\t\t\t\t\t<img loading=\"lazy\" decoding=\"async\" width=\"630\" height=\"400\" src=\"https:\/\/germanairways.com\/wp-content\/uploads\/2022\/05\/Bueromitarbeiterin_630x400.png\" alt=\"\" \/>\t\t\t\t\t\t\t<\/p>\n<p>B\u00fcro<br \/>\nZu den Stellenanzeigen<\/p>\n<p>\t\t\t\t\t\t\t\t\t\t<a href=\"https:\/\/germanairways.com\/karriere\"><br \/>\n\t\t\t\t\t\t\t<\/a><br \/>\n    <img decoding=\"async\" src=\"https:\/\/germanairways.com\/wp-content\/uploads\/2021\/10\/Tonwertkorrektur-1.png\"><br \/>\n    <img decoding=\"async\" src=\"https:\/\/germanairways.com\/wp-content\/uploads\/2021\/10\/20201215_093941.png\"><br \/>\n    <img decoding=\"async\" src=\"https:\/\/germanairways.com\/wp-content\/uploads\/2021\/10\/Landing-D-AZFA-RWY-14L-05-1.png\"><br \/>\n    <img decoding=\"async\" src=\"https:\/\/germanairways.com\/wp-content\/uploads\/2021\/10\/20200217_091353.png\"><br \/>\n    <img decoding=\"async\" src=\"https:\/\/germanairways.com\/wp-content\/uploads\/2021\/10\/inbound-D-ACJJ-05.png\"><br \/>\n    <img decoding=\"async\" src=\"https:\/\/germanairways.com\/wp-content\/uploads\/2021\/10\/D-AZFA-GA-Stickers-4-1.png\"><\/p>\n","protected":false},"excerpt":{"rendered":"<p>Your browser does not support the video tag. F\u00fcr Sie unterwegs in Europa. Luftfahrt nach Ihren W\u00fcnschen. Mit \u00fcber 60 Jahren Luftfahrterfahrung sind wir Deutschlands zweit\u00e4lteste Fluggesellschaft. Durch erstklassigen Service, h\u00f6chsten Komfort und absolute Flexibilit\u00e4t haben wir uns als verl\u00e4sslicher Partner von Europas f\u00fchrenden Fluggesellschaften und Unternehmen etabliert. Als Spezialisten im Wet-Lease- und Chartergesch\u00e4ft wissen [&hellip;]<\/p>\n","protected":false},"author":1,"featured_media":0,"parent":0,"menu_order":0,"comment_status":"closed","ping_status":"closed","template":"elementor_header_footer","meta":{"_acf_changed":false,"inline_featured_image":false,"footnotes":""},"class_list":["post-10","page","type-page","status-publish","hentry"],"acf":[],"_links":{"self":[{"href":"https:\/\/germanairways.com\/en\/wp-json\/wp\/v2\/pages\/10","targetHints":{"allow":["GET"]}}],"collection":[{"href":"https:\/\/germanairways.com\/en\/wp-json\/wp\/v2\/pages"}],"about":[{"href":"https:\/\/germanairways.com\/en\/wp-json\/wp\/v2\/types\/page"}],"author":[{"embeddable":true,"href":"https:\/\/germanairways.com\/en\/wp-json\/wp\/v2\/users\/1"}],"replies":[{"embeddable":true,"href":"https:\/\/germanairways.com\/en\/wp-json\/wp\/v2\/comments?post=10"}],"version-history":[{"count":104,"href":"https:\/\/germanairways.com\/en\/wp-json\/wp\/v2\/pages\/10\/revisions"}],"predecessor-version":[{"id":11991,"href":"https:\/\/germanairways.com\/en\/wp-json\/wp\/v2\/pages\/10\/revisions\/11991"}],"wp:attachment":[{"href":"https:\/\/germanairways.com\/en\/wp-json\/wp\/v2\/media?parent=10"}],"curies":[{"name":"wp","href":"https:\/\/api.w.org\/{rel}","templated":true}]}}