{"id":10372,"date":"2022-01-19T08:44:55","date_gmt":"2022-01-19T07:44:55","guid":{"rendered":"https:\/\/germanairways.com\/?page_id=10372"},"modified":"2022-01-19T12:07:08","modified_gmt":"2022-01-19T11:07:08","slug":"air-racer","status":"publish","type":"page","link":"https:\/\/germanairways.com\/en\/leistungen\/charter\/air-racer","title":{"rendered":"Air Racer"},"content":{"rendered":"<h2 class=\"red-header has-text-color wp-block-heading\" style=\"color:#b8093d\">Fly &amp; drive: Our AIR RACER brings Formula 1 heroes safely to their destination.<\/h2>\n\n\n\n<p><\/p>\n\n\n\n<h2 class=\"has-text-color wp-block-heading\" id=\"second-line\" style=\"color:#b8093d\">A pit stop you will enjoy.<\/h2>\n\n\n\n<p class=\"cstm-list-title\"><strong>Your benefits include: <\/strong><\/p>\n\n\n\n<ul class=\"wp-block-list\"><li>VIP check-in and boarding<\/li><li>Boarding and deboarding directly into the team bus<\/li><li>Each player enjoys his or her own row<\/li><li>Spacious cabin<\/li><li>Extremely large seat spacing: 43\u201d or 33\u201d<\/li><li>Business Class in the first 3 seat rows<\/li><li>Large hand luggage compartments<\/li><li>Individual catering<\/li><li>Water and soft drinks: All you can drink<\/li><li>24\/7 hotline: Our team is your team<\/li><\/ul>\n\n\n\n<p>We will fly your team and your partners to the finish line victoriously.<\/p>\n\n\n\n<p class=\"has-black-color has-text-color\" style=\"font-size:18px\"><strong>Book now via&nbsp;<a href=\"mailto:sales@germanairways.com\">sales@germanairways.com<\/a>&nbsp;or by phone +49 (0) 2203-967 180.<\/strong><\/p>\n\n\n\n<figure class=\"wp-block-image size-large\"><img loading=\"lazy\" decoding=\"async\" width=\"1024\" height=\"480\" src=\"https:\/\/germanairways.com\/wp-content\/uploads\/2022\/01\/220119_GA_Airracer_Unterseite-Bild_AirRacer-1024x480.png\" alt=\"\" class=\"wp-image-10375\" srcset=\"https:\/\/germanairways.com\/wp-content\/uploads\/2022\/01\/220119_GA_Airracer_Unterseite-Bild_AirRacer-1024x480.png 1024w, https:\/\/germanairways.com\/wp-content\/uploads\/2022\/01\/220119_GA_Airracer_Unterseite-Bild_AirRacer-300x141.png 300w, https:\/\/germanairways.com\/wp-content\/uploads\/2022\/01\/220119_GA_Airracer_Unterseite-Bild_AirRacer-768x360.png 768w, https:\/\/germanairways.com\/wp-content\/uploads\/2022\/01\/220119_GA_Airracer_Unterseite-Bild_AirRacer-18x8.png 18w, https:\/\/germanairways.com\/wp-content\/uploads\/2022\/01\/220119_GA_Airracer_Unterseite-Bild_AirRacer-600x281.png 600w, https:\/\/germanairways.com\/wp-content\/uploads\/2022\/01\/220119_GA_Airracer_Unterseite-Bild_AirRacer-128x60.png 128w, https:\/\/germanairways.com\/wp-content\/uploads\/2022\/01\/220119_GA_Airracer_Unterseite-Bild_AirRacer-192x90.png 192w, https:\/\/germanairways.com\/wp-content\/uploads\/2022\/01\/220119_GA_Airracer_Unterseite-Bild_AirRacer.png 1281w\" sizes=\"auto, (max-width: 1024px) 100vw, 1024px\" \/><\/figure>","protected":false},"excerpt":{"rendered":"<p>Fly &amp; Drive: Unser AIR RACER bringt Formel-1-Held:innen sicher ans Ziel. Ein Boxenstopp, den Sie genie\u00dfen werden. Ihre Vorteile umfassen: VIP-Einchecken und Einsteigen Ein- und Aussteigen direkt in den Mannschaftsbus Jeder Spieler\/jede Spielerin hat seine\/ihre eigene Reihe Ger\u00e4umige Kabine Extrem gro\u00dfer Sitzabstand: 43\u2033 oder 33\u2033 Business Class in den ersten 3 Sitzreihen Gro\u00dfe Handgep\u00e4ckf\u00e4cher Individuelles [&hellip;]<\/p>\n","protected":false},"author":1,"featured_media":0,"parent":2622,"menu_order":0,"comment_status":"closed","ping_status":"closed","template":"","meta":{"_acf_changed":false,"inline_featured_image":false,"footnotes":""},"class_list":["post-10372","page","type-page","status-publish","hentry"],"acf":[],"_links":{"self":[{"href":"https:\/\/germanairways.com\/en\/wp-json\/wp\/v2\/pages\/10372","targetHints":{"allow":["GET"]}}],"collection":[{"href":"https:\/\/germanairways.com\/en\/wp-json\/wp\/v2\/pages"}],"about":[{"href":"https:\/\/germanairways.com\/en\/wp-json\/wp\/v2\/types\/page"}],"author":[{"embeddable":true,"href":"https:\/\/germanairways.com\/en\/wp-json\/wp\/v2\/users\/1"}],"replies":[{"embeddable":true,"href":"https:\/\/germanairways.com\/en\/wp-json\/wp\/v2\/comments?post=10372"}],"version-history":[{"count":0,"href":"https:\/\/germanairways.com\/en\/wp-json\/wp\/v2\/pages\/10372\/revisions"}],"up":[{"embeddable":true,"href":"https:\/\/germanairways.com\/en\/wp-json\/wp\/v2\/pages\/2622"}],"wp:attachment":[{"href":"https:\/\/germanairways.com\/en\/wp-json\/wp\/v2\/media?parent=10372"}],"curies":[{"name":"wp","href":"https:\/\/api.w.org\/{rel}","templated":true}]}}