{"id":11134,"date":"2022-05-06T10:34:07","date_gmt":"2022-05-06T08:34:07","guid":{"rendered":"https:\/\/germanairways.com\/?page_id=11134"},"modified":"2025-01-30T13:30:50","modified_gmt":"2025-01-30T12:30:50","slug":"career","status":"publish","type":"page","link":"https:\/\/germanairways.com\/en\/karriere","title":{"rendered":"Career"},"content":{"rendered":"<!--\n\n\n\n\n\n-->\n\n\n\n<div class=\"wp-block-columns is-layout-flex wp-container-core-columns-is-layout-9d6595d7 wp-block-columns-is-layout-flex\">\n<div class=\"wp-block-column is-layout-flow wp-block-column-is-layout-flow\">\n<h1 class=\"wp-block-heading has-text-align-left\">Jobs at German Airways<\/h1>\n\n\n\n<p class=\"has-text-align-left\">German Airways has been demonstrating excellence in the airline business for many years.<br>With our fleet of Embraer E190 aircraft, we operate scheduled and charter flights throughout Europe for well-known companies.<\/p>\n\n\n\n<p class=\"has-text-align-left\">Are you also passionate about aviation-related topics and are you as dynamic as we are? Then we look forward to getting to know you.<\/p>\n\n\n\n<div class=\"wp-block-buttons is-content-justification-left is-layout-flex wp-container-core-buttons-is-layout-fdcfc74e wp-block-buttons-is-layout-flex\">\n<div class=\"wp-block-button\"><a class=\"wp-block-button__link has-background wp-element-button\" href=\"#jobs\" style=\"border-radius:0px;background-color:#b8093d\">Explore jobs<\/a><\/div>\n<\/div>\n<\/div>\n\n\n\n<div class=\"wp-block-column is-vertically-aligned-center is-layout-flow wp-block-column-is-layout-flow\">\n<figure class=\"wp-block-video\"><video height=\"1080\" style=\"aspect-ratio: 1920 \/ 1080;\" width=\"1920\" controls src=\"https:\/\/germanairways.com\/wp-content\/uploads\/2025\/01\/German_Airways_BoB_V2_FHD-1.mp4\"><\/video><\/figure>\n<\/div>\n<\/div>\n\n\n\n<div style=\"height:100px\" aria-hidden=\"true\" class=\"wp-block-spacer\"><\/div>\n\n\n\n<h2 class=\"wp-block-heading has-text-align-center\">Our benefits:<\/h2>\n\n\n\n<div style=\"height:30px\" aria-hidden=\"true\" class=\"wp-block-spacer\"><\/div>\n\n\n\n\n\n<div style=\"height:100px\" aria-hidden=\"true\" class=\"wp-block-spacer\"><\/div>\n\n\n\n<!--\n\n\n\n<h2 class=\"wp-block-heading has-text-align-center\">Mitarbeiterstimmen<\/h2>\n\n\n\n<div style=\"height:30px\" aria-hidden=\"true\" class=\"wp-block-spacer\"><\/div>\n\n\n\n<div class=\"wp-block-columns is-layout-flex wp-container-core-columns-is-layout-9d6595d7 wp-block-columns-is-layout-flex\">\n<div class=\"wp-block-column is-layout-flow wp-block-column-is-layout-flow\">\n<figure class=\"wp-block-embed is-type-video is-provider-youtube wp-block-embed-youtube wp-embed-aspect-16-9 wp-has-aspect-ratio\"><div class=\"wp-block-embed__wrapper\">\n<iframe loading=\"lazy\" title=\"German Airways - First Officer\" width=\"500\" height=\"281\" src=\"https:\/\/www.youtube.com\/embed\/O6FTp5fQoFU?feature=oembed\" frameborder=\"0\" allow=\"accelerometer; autoplay; clipboard-write; encrypted-media; gyroscope; picture-in-picture; web-share\" referrerpolicy=\"strict-origin-when-cross-origin\" allowfullscreen><\/iframe>\n<\/div><\/figure>\n<\/div>\n\n\n\n<div class=\"wp-block-column is-layout-flow wp-block-column-is-layout-flow\">\n<figure class=\"wp-block-embed is-type-video is-provider-youtube wp-block-embed-youtube wp-embed-aspect-16-9 wp-has-aspect-ratio\"><div class=\"wp-block-embed__wrapper\">\n<iframe loading=\"lazy\" title=\"German Airways - Flugger\u00e4temechaniker\/in\" width=\"500\" height=\"281\" src=\"https:\/\/www.youtube.com\/embed\/o0PFfSFRu8g?feature=oembed\" frameborder=\"0\" allow=\"accelerometer; autoplay; clipboard-write; encrypted-media; gyroscope; picture-in-picture; web-share\" referrerpolicy=\"strict-origin-when-cross-origin\" allowfullscreen><\/iframe>\n<\/div><\/figure>\n<\/div>\n<\/div>\n\n\n\n-->\n\n\n\n<div id=\"jobs\"><\/div>\n\n\n\n<h2 class=\"wp-block-heading has-text-align-left has-x-large-font-size\">Jobs<\/h2>\n\n\n\n<ul class=\"wp-block-list\">\n<li class=\"has-medium-font-size\"><a href=\"https:\/\/germanairways.com\/en\/experienced-co-pilots-m-f-d-in-full-time-and-permanent-position\/\" data-type=\"page\" data-id=\"12094\">Experienced co-pilots (m\/f\/d) in full-time and permanent positions<\/a><\/li>\n\n\n\n<li class=\"has-medium-font-size\"><a href=\"https:\/\/germanairways.com\/en\/career\/captain-m-f-d-full-time-and-permanent-position\/\" data-type=\"page\" data-id=\"12084\">Captain (m\/f\/d) in full-time and permanent position<\/a><\/li>\n\n\n\n<li class=\"has-medium-font-size\"><a href=\"https:\/\/germanairways.com\/en\/career\/senior-cabin-crew-member-m-w-d\/\" data-type=\"page\" data-id=\"12092\">Senior Cabin Crew Member (m\/f\/d)<\/a><\/li>\n\n\n\n<li class=\"has-medium-font-size\"><a href=\"https:\/\/germanairways.com\/en\/career\/cabin-crew-member-with-flying-experience-m-f-d\/\" data-type=\"page\" data-id=\"12086\">Cabin Crew Member with flight experience (m\/f\/d)<\/a><\/li>\n\n\n\n<li class=\"has-medium-font-size\"><a href=\"https:\/\/germanairways.com\/en\/career\/employee-aviation-with-m-w-d\/\" data-type=\"page\" data-id=\"12090\">Aviation IT employee (m\/f\/d)<\/a><\/li>\n\n\n\n<li class=\"has-medium-font-size\"><a href=\"https:\/\/germanairways.com\/en\/career\/aircraft-mechanic-m-w-d-cat-a\/\" data-type=\"link\" data-id=\"https:\/\/germanairways.com\/karriere\/fluggeraetemechaniker-m-w-d-cat-a\">Aircraft mechanic (m\/f\/d) CAT A<\/a><\/li>\n\n\n\n<li class=\"has-medium-font-size\"><a href=\"https:\/\/germanairways.com\/en\/career\/technician-m-w-d-cat-b1\/\" data-type=\"link\" data-id=\"https:\/\/germanairways.com\/karriere\/techniker-m-w-d-cat-b1\">Technician (m\/f\/d) CAT B1<\/a><\/li>\n\n\n\n<li class=\"has-medium-font-size\"><a href=\"https:\/\/germanairways.com\/en\/career\/technician-m-w-d-cat-b2-full-time\/\" data-type=\"page\" data-id=\"12088\">Technician (m\/f\/d) CAT B2<\/a><\/li>\n\n\n\n<li class=\"has-medium-font-size\"><a href=\"https:\/\/germanairways.com\/en\/accountant-m-f-d-for-german-airways-gmbh\/\" data-type=\"link\" data-id=\"https:\/\/germanairways.com\/buchhalter-m-w-d-fuer-die-german-airways-gmbh\">Accountant (m\/f\/d)<\/a><\/li>\n\n\n\n<li class=\"has-medium-font-size\"><a href=\"https:\/\/germanairways.com\/en\/controller-m-f-d-for-german-airways-gmbh\/\">Controller (m\/f\/d)<\/a><\/li>\n<\/ul>\n\n\n\n<div style=\"height:100px\" aria-hidden=\"true\" class=\"wp-block-spacer\"><\/div>\n\n\n\n<p><\/p>","protected":false},"excerpt":{"rendered":"<p>Jobs bei German Airways German Airways beweist seit vielen Jahren Exzellenz im Airline-Gesch\u00e4ft.Mit unserer Flotte, bestehend aus Flugzeugen des Typs Embraer E190, sind wir europaweit f\u00fcr namenhafte Unternehmen im Linien- und Charterverkehr unterwegs. Brennst auch du f\u00fcr Themen rund um die Luftfahrt und bist du auch so dynamisch wie wir? Dann freuen wir uns, dich [&hellip;]<\/p>\n","protected":false},"author":11,"featured_media":0,"parent":0,"menu_order":0,"comment_status":"closed","ping_status":"closed","template":"career.php","meta":{"_acf_changed":false,"inline_featured_image":false,"footnotes":""},"class_list":["post-11134","page","type-page","status-publish","hentry"],"acf":[],"_links":{"self":[{"href":"https:\/\/germanairways.com\/en\/wp-json\/wp\/v2\/pages\/11134","targetHints":{"allow":["GET"]}}],"collection":[{"href":"https:\/\/germanairways.com\/en\/wp-json\/wp\/v2\/pages"}],"about":[{"href":"https:\/\/germanairways.com\/en\/wp-json\/wp\/v2\/types\/page"}],"author":[{"embeddable":true,"href":"https:\/\/germanairways.com\/en\/wp-json\/wp\/v2\/users\/11"}],"replies":[{"embeddable":true,"href":"https:\/\/germanairways.com\/en\/wp-json\/wp\/v2\/comments?post=11134"}],"version-history":[{"count":140,"href":"https:\/\/germanairways.com\/en\/wp-json\/wp\/v2\/pages\/11134\/revisions"}],"predecessor-version":[{"id":11988,"href":"https:\/\/germanairways.com\/en\/wp-json\/wp\/v2\/pages\/11134\/revisions\/11988"}],"wp:attachment":[{"href":"https:\/\/germanairways.com\/en\/wp-json\/wp\/v2\/media?parent=11134"}],"curies":[{"name":"wp","href":"https:\/\/api.w.org\/{rel}","templated":true}]}}