{"id":2620,"date":"2021-10-19T08:52:03","date_gmt":"2021-10-19T08:52:03","guid":{"rendered":"https:\/\/germanairways.com\/?page_id=2620"},"modified":"2022-01-07T11:03:59","modified_gmt":"2022-01-07T10:03:59","slug":"acmi","status":"publish","type":"page","link":"https:\/\/germanairways.com\/en\/leistungen\/acmi","title":{"rendered":"ACMI, guaranteed by German Airways"},"content":{"rendered":"<h2 class=\"wp-block-heading\">Our team \u2013 your team <\/h2>\n\n\n\n<p>Our dedicated ACMI division offers fast, reliable and competitive ACMI offers. We\u2019re available 24 hours a day, 365 days a year. We deliver a bespoke, tailor-made ACMI product following your exact requests, briefings and expectations.<\/p>\n\n\n\n<p>After finalizing a contract, excellent support will be delivered by our dedicated Customer Relationship Management team throughout the entire cooperation whenever needed.<\/p>\n\n\n\n<figure class=\"wp-block-embed is-type-video is-provider-youtube wp-block-embed-youtube wp-embed-aspect-16-9 wp-has-aspect-ratio\"><div class=\"wp-block-embed__wrapper\">\n<iframe loading=\"lazy\" title=\"German Airways - Your ACMI Provider\" width=\"500\" height=\"281\" src=\"https:\/\/www.youtube.com\/embed\/PG3_p0feHQg?feature=oembed\" frameborder=\"0\" allow=\"accelerometer; autoplay; clipboard-write; encrypted-media; gyroscope; picture-in-picture; web-share\" referrerpolicy=\"strict-origin-when-cross-origin\" allowfullscreen><\/iframe>\n<\/div><\/figure>\n\n\n\n<h2 class=\"wp-block-heading\">Our partner first<\/h2>\n\n\n\n<p>We focus on reliable partners and value our long-term partners around the world.<\/p>\n\n\n\n<p class=\"cstm-list-title\">When implementing a new cooperation the following points will be addressed:<\/p>\n\n\n\n<ul class=\"wp-block-list\"><li>A philosophy briefing \u2013 tell us about the heart and soul of your company and we will bring that spirit alive.<\/li><li>Training of our crew \u2013 our crews are trained for any special features you require as well as service and branding according to your needs.<\/li><li>Branding of the aircraft (exterior and interior).<\/li><\/ul>\n\n\n\n<h2 class=\"wp-block-heading\">Non-stop support &amp; expertise<\/h2>\n\n\n\n<p>We are here to support you in the most effective use of wet leasing. Our experience makes German Airways uniquely qualified to respond to operational changes and challenges. We operate thousands of block hours every year on behalf of our airline partners and offer the most competitive ACMI rates. We\u2019ve built a team of experts that we\u2019re incredibly proud of.<\/p>\n\n\n\n<p>Our profound understanding of the market allows us to recommend pragmatic, viable ACMI solutions based on our clients\u2019 specific capacity requirements, as well as forward-thinking strategic and operational support for airlines.<\/p>\n\n\n\n<h2 class=\"wp-block-heading\">Our fleet \u2013 your fleet<\/h2>\n\n\n\n<p><a href=\"https:\/\/germanairways.com\/en\/fleet\/embraer-e190\/\">Our E190 is ready<\/a>&nbsp;to be deployed anywhere in Europe, North Africa and the CIS area.<\/p>\n\n\n\n<p>Our OPS team conducts comprehensive research to ensure the reliability of our local market intelligence.<\/p>\n\n\n\n<h2 class=\"wp-block-heading\">24\/7 support<\/h2>\n\n\n\n<p>Our offices are staffed 24 hours a day, 365 days a year. Whenever you contact German Airways, we\u2019ll be there to provide immediate support \u2013 wherever you are in the world. Short-term ACMI leasing and crews are stand-by-ready to offer emergency capacity wet leasing  solutions 24 hours a day.<\/p>","protected":false},"excerpt":{"rendered":"<p>Unser Team \u2013 Ihr Team Unsere engagierte ACMI-Abteilung bietet schnelle, zuverl\u00e4ssige und wettbewerbsf\u00e4hige ACMI-Angebote. Wir sind 24 Stunden am Tag, 365 Tage im Jahr erreichbar und liefern ein ma\u00dfgeschneidertes ACMI-Produkt, das genau Ihren W\u00fcnschen, Anweisungen und Erwartungen entspricht. Nach Abschluss eines Vertrages wird w\u00e4hrend der gesamten Zusammenarbeit, wann immer erforderlich, durch unser engagiertes Customer Relationship [&hellip;]<\/p>\n","protected":false},"author":1,"featured_media":0,"parent":2552,"menu_order":0,"comment_status":"closed","ping_status":"closed","template":"","meta":{"_acf_changed":false,"inline_featured_image":false,"footnotes":""},"class_list":["post-2620","page","type-page","status-publish","hentry"],"acf":[],"_links":{"self":[{"href":"https:\/\/germanairways.com\/en\/wp-json\/wp\/v2\/pages\/2620","targetHints":{"allow":["GET"]}}],"collection":[{"href":"https:\/\/germanairways.com\/en\/wp-json\/wp\/v2\/pages"}],"about":[{"href":"https:\/\/germanairways.com\/en\/wp-json\/wp\/v2\/types\/page"}],"author":[{"embeddable":true,"href":"https:\/\/germanairways.com\/en\/wp-json\/wp\/v2\/users\/1"}],"replies":[{"embeddable":true,"href":"https:\/\/germanairways.com\/en\/wp-json\/wp\/v2\/comments?post=2620"}],"version-history":[{"count":0,"href":"https:\/\/germanairways.com\/en\/wp-json\/wp\/v2\/pages\/2620\/revisions"}],"up":[{"embeddable":true,"href":"https:\/\/germanairways.com\/en\/wp-json\/wp\/v2\/pages\/2552"}],"wp:attachment":[{"href":"https:\/\/germanairways.com\/en\/wp-json\/wp\/v2\/media?parent=2620"}],"curies":[{"name":"wp","href":"https:\/\/api.w.org\/{rel}","templated":true}]}}