{"id":9301,"date":"2021-10-22T00:07:56","date_gmt":"2021-10-21T22:07:56","guid":{"rendered":"https:\/\/germanairways.com\/?page_id=9301"},"modified":"2025-11-04T07:15:41","modified_gmt":"2025-11-04T06:15:41","slug":"imprint-2","status":"publish","type":"page","link":"https:\/\/germanairways.com\/en\/impressum-2","title":{"rendered":"Imprint"},"content":{"rendered":"<h2 class=\"wp-block-heading\" id=\"angaben-gemass-5-tmg\"><br>Information according to \u00a7 5 DDG<\/h2>\n\n\n\n<p>German Airways GmbH<br>Ettore-Bugatti-Strasse 6-14<br>51149 Cologne<br>Germany<\/p>\n\n\n\n<p>Commercial register: HRB 120845<br>Registry Court: AG K\u00f6ln<\/p>\n\n\n\n<p><strong>Management:<\/strong><\/p>\n\n\n\n<p>Maren Wolters, Dr Wolfram Simon-Schr\u00f6ter<\/p>\n\n\n\n<p><strong>Supervisory authority:<\/strong><\/p>\n\n\n\n<p>Federal Aviation Authority<br>Hermann-Blenk-Strasse 26<br>38108 Brunswick<\/p>\n\n\n\n<h2 class=\"wp-block-heading\" id=\"kontakt\">Contact<\/h2>\n\n\n\n<p><br>e-mail: <a href=\"mailto:sales@germanairways.com\">sales@germanairways.com<\/a><\/p>\n\n\n\n<p><strong>General information:<\/strong><br><a href=\"Telefax: +49 (0)2203 \/ 967-105\"><br>e-mail: <\/a><a href=\"mailto:info@germanairways.com\">info@germanairways.com<\/a><\/p>\n\n\n\n<h2 class=\"wp-block-heading\" id=\"umsatzsteuer-id\">VAT ID<\/h2>\n\n\n\n<p>Sales tax identification number according to Sect. 27 a of the Sales Tax Law:<br>DE 400 203 054<\/p>\n\n\n\n<h2 class=\"wp-block-heading\" id=\"angaben-zur-berufs-haftpflicht-versicherung\">Details of professional liability insurance<\/h2>\n\n\n\n<p>Name and registered office of the insurer:<br>AXA Insurance AG<br>Industrial Customers North division<br>P.O. Box: 51171 Cologne<\/p>\n\n\n\n<p>Area of validity of the insurance:<br>worldwide<\/p>\n\n\n\n<h2 class=\"wp-block-heading\" id=\"eu-streitschlichtung\">EU dispute resolution<\/h2>\n\n\n\n<p>Dispute resolution proceedings in front of a consumer arbitration board<br>We are not willing or obliged to participate in dispute resolution proceedings in front of a consumer arbitration board.<\/p>","protected":false},"excerpt":{"rendered":"<p>Angaben gem. \u00a7 5 DDG German Airways GmbHEttore-Bugatti-Strasse 6-1451149 K\u00f6lnDeutschland Handelsregister: HRB 120845Registergericht: AG K\u00f6ln Gesch\u00e4ftsf\u00fchrung: Maren Wolters, Dr. Wolfram Simon-Schr\u00f6ter Zust\u00e4ndige Aufsichtsbeh\u00f6rde: Luftfahrt-BundesamtHermann-Blenk-Stra\u00dfe 2638108 Braunschweig Kontakt E-Mail: sales@germanairways.com Allgemeine Informationen:E-Mail: info@germanairways.com Umsatzsteuer-ID Umsatzsteuer-Identifikationsnummer gem\u00e4\u00df \u00a7 27 a Umsatzsteuergesetz:DE 400 203 054 Angaben zur Berufs\u00adhaftpflicht\u00adversicherung Name und Sitz des Versicherers:AXA Versicherung AGBereich Industriekunden NordPostfach: 51171 [&hellip;]<\/p>\n","protected":false},"author":1,"featured_media":0,"parent":0,"menu_order":0,"comment_status":"closed","ping_status":"closed","template":"","meta":{"_acf_changed":false,"inline_featured_image":false,"footnotes":""},"class_list":["post-9301","page","type-page","status-publish","hentry"],"acf":[],"_links":{"self":[{"href":"https:\/\/germanairways.com\/en\/wp-json\/wp\/v2\/pages\/9301","targetHints":{"allow":["GET"]}}],"collection":[{"href":"https:\/\/germanairways.com\/en\/wp-json\/wp\/v2\/pages"}],"about":[{"href":"https:\/\/germanairways.com\/en\/wp-json\/wp\/v2\/types\/page"}],"author":[{"embeddable":true,"href":"https:\/\/germanairways.com\/en\/wp-json\/wp\/v2\/users\/1"}],"replies":[{"embeddable":true,"href":"https:\/\/germanairways.com\/en\/wp-json\/wp\/v2\/comments?post=9301"}],"version-history":[{"count":13,"href":"https:\/\/germanairways.com\/en\/wp-json\/wp\/v2\/pages\/9301\/revisions"}],"predecessor-version":[{"id":12648,"href":"https:\/\/germanairways.com\/en\/wp-json\/wp\/v2\/pages\/9301\/revisions\/12648"}],"wp:attachment":[{"href":"https:\/\/germanairways.com\/en\/wp-json\/wp\/v2\/media?parent=9301"}],"curies":[{"name":"wp","href":"https:\/\/api.w.org\/{rel}","templated":true}]}}