{"id":9311,"date":"2021-10-22T00:18:27","date_gmt":"2021-10-21T22:18:27","guid":{"rendered":"https:\/\/germanairways.com\/?page_id=9311"},"modified":"2022-01-07T11:40:06","modified_gmt":"2022-01-07T10:40:06","slug":"corona-travel-advice","status":"publish","type":"page","link":"https:\/\/germanairways.com\/en\/corona-reisehinweise","title":{"rendered":"Corona Travel Informations"},"content":{"rendered":"<h2 class=\"wp-block-heading\">German Airways Corona protection measures before, during and after the flight.<\/h2>\n\n\n\n<a href=\"https:\/\/germanairways.com\/wp-content\/uploads\/2021\/10\/20210927-GER-Maskenpflicht-website-Info-DE_EN_NL_PT.pdf\" download=\"info-mask.pdf\">Information on the general obligation to wear masks<\/a>\n\n\n\n<h2 class=\"wp-block-heading\">General information sheet for travellers from the Robert Koch Institute for travellers entering Germany<\/h2>\n\n\n\n<p style=\"font-size:24px\">German:<\/p>\n\n\n\n<p><a rel=\"noreferrer noopener\" href=\"https:\/\/www.rki.de\/DE\/Content\/InfAZ\/N\/Neuartiges_Coronavirus\/Transport\/Merkblatt_Reisende_DE.pdf?__blob=publicationFile\" target=\"_blank\">https:\/\/www.rki.de\/DE\/Content\/InfAZ\/N\/Neuartiges_Coronavirus\/Transport\/Merkblatt_Reisende_DE.pdf?__blob=publicationFile<\/a> <\/p>\n\n\n\n<p style=\"font-size:24px\"> English: <\/p>\n\n\n\n<p><a href=\"https:\/\/www.rki.de\/DE\/Content\/InfAZ\/N\/Neuartiges_Coronavirus\/Transport\/Merkblatt_Reisende_EN.pdf?__blob=publicationFile\" target=\"_blank\" rel=\"noreferrer noopener\">https:\/\/www.rki.de\/DE\/Content\/InfAZ\/N\/Neuartiges_Coronavirus\/Transport\/Merkblatt_Reisende_EN.pdf?__blob=publicationFile<\/a><\/p>\n\n\n\n<p style=\"font-size:24px\"> French: <\/p>\n\n\n\n<p><a href=\"https:\/\/www.rki.de\/DE\/Content\/InfAZ\/N\/Neuartiges_Coronavirus\/Transport\/Merkblatt_Reisende_FR.pdf?__blob=publicationFile\" target=\"_blank\" rel=\"noreferrer noopener\">https:\/\/www.rki.de\/DE\/Content\/InfAZ\/N\/Neuartiges_Coronavirus\/Transport\/Merkblatt_Reisende_FR.pdf?__blob=publicationFile<\/a><\/p>\n\n\n\n<p style=\"font-size:24px\"> Dutch: <\/p>\n\n\n\n<p><a href=\"https:\/\/www.rki.de\/DE\/Content\/InfAZ\/N\/Neuartiges_Coronavirus\/Transport\/Merkblatt_Reisende_NL.pdf?__blob=publicationFile\" target=\"_blank\" rel=\"noreferrer noopener\">https:\/\/www.rki.de\/DE\/Content\/InfAZ\/N\/Neuartiges_Coronavirus\/Transport\/Merkblatt_Reisende_NL.pdf?__blob=publicationFile<\/a><\/p>\n\n\n\n<p style=\"font-size:24px\"> Portuguese: <\/p>\n\n\n\n<p><a href=\"https:\/\/www.rki.de\/DE\/Content\/InfAZ\/N\/Neuartiges_Coronavirus\/Transport\/Merkblatt_Reisende_PT.pdf?__blob=publicationFile\" target=\"_blank\" rel=\"noreferrer noopener\">https:\/\/www.rki.de\/DE\/Content\/InfAZ\/N\/Neuartiges_Coronavirus\/Transport\/Merkblatt_Reisende_PT.pdf?__blob=publicationFile<\/a><\/p>\n\n\n\n<p style=\"font-size:24px\">Note on digital entry registration:<\/p>\n\n\n\n<p><a href=\"https:\/\/einreiseanmeldung.de\/#\/\" target=\"_blank\" rel=\"noreferrer noopener\">https:\/\/einreiseanmeldung.de\/#\/<\/a><\/p>\n\n\n\n<p style=\"font-size:24px\">Important information for return travelers to the Netherlands:<\/p>\n\n\n\n<p><a href=\"https:\/\/eur03.safelinks.protection.outlook.com\/?url=https%3A%2F%2Fwww.government.nl%2Ftopics%2Fc%2Fcoronavirus-covid-19%2Fvisiting-the-netherlands-from-abroad%2Fself-quarantine&amp;data=04%7C01%7Cfrank.peters%40germanairways.com%7Cc02d75b38e2e4ce8c6b908d93a2095e4%7C8813ff2e43514bfeae6672109f3a4ccf%7C0%7C0%7C637604733893085795%7CUnknown%7CTWFpbGZsb3d8eyJWIjoiMC4wLjAwMDAiLCJQIjoiV2luMzIiLCJBTiI6Ik1haWwiLCJXVCI6Mn0%3D%7C1000&amp;sdata=W1164i4goROgSyuG2dM2NsJcncAvvDJTj%2FdyVSaQzQk%3D&amp;reserved=0\" target=\"_blank\" rel=\"noreferrer noopener\">Self-quarantine upon arrival in the Netherlands | Coronavirus COVID-19 | Government.nl<\/a><\/p>\n\n\n\n<p><a href=\"https:\/\/eur03.safelinks.protection.outlook.com\/?url=https%3A%2F%2Fwww.government.nl%2Ftopics%2Fc%2Fcoronavirus-covid-19%2Fvisiting-the-netherlands-from-abroad&amp;data=04%7C01%7Cfrank.peters%40germanairways.com%7Cc02d75b38e2e4ce8c6b908d93a2095e4%7C8813ff2e43514bfeae6672109f3a4ccf%7C0%7C0%7C637604733893085795%7CUnknown%7CTWFpbGZsb3d8eyJWIjoiMC4wLjAwMDAiLCJQIjoiV2luMzIiLCJBTiI6Ik1haWwiLCJXVCI6Mn0%3D%7C1000&amp;sdata=FkwEB1RLRshNLiANGhly%2FQDzFeOxAFhNOe1AI4fI5sw%3D&amp;reserved=0\" target=\"_blank\" rel=\"noreferrer noopener\">Travelling to the Netherlands from abroad | Coronavirus COVID-19 | Government.nl<\/a><\/p>\n\n\n\n<p><a href=\"https:\/\/eur03.safelinks.protection.outlook.com\/?url=https%3A%2F%2Fwww.government.nl%2Ftopics%2Fcoronavirus-covid-19%2Fvisiting-the-netherlands-from-abroad%2Fchecklist-entry&amp;data=04%7C01%7Cfrank.peters%40germanairways.com%7Cc02d75b38e2e4ce8c6b908d93a2095e4%7C8813ff2e43514bfeae6672109f3a4ccf%7C0%7C0%7C637604733893095755%7CUnknown%7CTWFpbGZsb3d8eyJWIjoiMC4wLjAwMDAiLCJQIjoiV2luMzIiLCJBTiI6Ik1haWwiLCJXVCI6Mn0%3D%7C1000&amp;sdata=xLNegrwRM7dTaBymBcBv%2B04zB6PPURPoxJN603iwVVo%3D&amp;reserved=0\" target=\"_blank\" rel=\"noreferrer noopener\">Checklist for entering or returning to the Netherlands from abroad | Coronavirus COVID-19 | Government.nl<\/a><\/p>","protected":false},"excerpt":{"rendered":"<p>German Airways Corona-Schutzma\u00dfnahmen vor, w\u00e4hrend und nach dem Flug. Informationen zur allgemeinen Maskenpflicht Allgemeines Merkblatt f\u00fcr Einreisende des Robert Koch-Instituts f\u00fcr Einreisende Deutsch: https:\/\/www.rki.de\/DE\/Content\/InfAZ\/N\/Neuartiges_Coronavirus\/Transport\/Merkblatt_Reisende_DE.pdf?__blob=publicationFile Englisch: https:\/\/www.rki.de\/DE\/Content\/InfAZ\/N\/Neuartiges_Coronavirus\/Transport\/Merkblatt_Reisende_EN.pdf?__blob=publicationFile Franz\u00f6sisch: https:\/\/www.rki.de\/DE\/Content\/InfAZ\/N\/Neuartiges_Coronavirus\/Transport\/Merkblatt_Reisende_FR.pdf?__blob=publicationFile Niederl\u00e4ndisch: https:\/\/www.rki.de\/DE\/Content\/InfAZ\/N\/Neuartiges_Coronavirus\/Transport\/Merkblatt_Reisende_NL.pdf?__blob=publicationFile Portugiesisch: https:\/\/www.rki.de\/DE\/Content\/InfAZ\/N\/Neuartiges_Coronavirus\/Transport\/Merkblatt_Reisende_PT.pdf?__blob=publicationFile Hinweis zur digitalen Einreiseanmeldung: https:\/\/einreiseanmeldung.de\/#\/ Wichtige Informationen f\u00fcr R\u00fcckreisende in die Niederlande: Selbstquarant\u00e4ne bei Ankunft in den Niederlanden | Coronavirus COVID-19 | Government.nl [&hellip;]<\/p>\n","protected":false},"author":1,"featured_media":0,"parent":0,"menu_order":0,"comment_status":"closed","ping_status":"closed","template":"","meta":{"_acf_changed":false,"inline_featured_image":false,"footnotes":""},"class_list":["post-9311","page","type-page","status-publish","hentry"],"acf":[],"_links":{"self":[{"href":"https:\/\/germanairways.com\/en\/wp-json\/wp\/v2\/pages\/9311","targetHints":{"allow":["GET"]}}],"collection":[{"href":"https:\/\/germanairways.com\/en\/wp-json\/wp\/v2\/pages"}],"about":[{"href":"https:\/\/germanairways.com\/en\/wp-json\/wp\/v2\/types\/page"}],"author":[{"embeddable":true,"href":"https:\/\/germanairways.com\/en\/wp-json\/wp\/v2\/users\/1"}],"replies":[{"embeddable":true,"href":"https:\/\/germanairways.com\/en\/wp-json\/wp\/v2\/comments?post=9311"}],"version-history":[{"count":0,"href":"https:\/\/germanairways.com\/en\/wp-json\/wp\/v2\/pages\/9311\/revisions"}],"wp:attachment":[{"href":"https:\/\/germanairways.com\/en\/wp-json\/wp\/v2\/media?parent=9311"}],"curies":[{"name":"wp","href":"https:\/\/api.w.org\/{rel}","templated":true}]}}