{"id":12521,"date":"2025-11-26T13:38:55","date_gmt":"2025-11-26T12:38:55","guid":{"rendered":"https:\/\/germanairways.com\/?post_type=product&#038;p=12521"},"modified":"2025-12-01T01:00:13","modified_gmt":"2025-12-01T00:00:13","slug":"ecoslim-laptop-bag","status":"publish","type":"product","link":"https:\/\/germanairways.com\/en\/produkt\/ecoslim-laptoptasche","title":{"rendered":"EcoSlim laptop bag"},"content":{"rendered":"<p>The <em>EcoSlim laptop bag<\/em> impresses with its sleek design, smart functionality and sustainable materials. Made from fabric obtained from recycled plastic, it combines environmental protection with modern style. Your laptop up to 15.6\u2033 or MacBook Pro up to 16\u2033 is safely stored in the padded inner compartment with neoprene protection on the corners. A generous outer pocket offers additional storage space for accessories. The inner lining has the characteristic German Airways look - bright red and customised - and gives the bag a high-quality, brand-typical accent.<\/p>","protected":false},"excerpt":{"rendered":"<p>Die EcoSlim Laptoptasche \u00fcberzeugt durch ihr schlankes Design, smarte Funktionalit\u00e4t und nachhaltige Materialien. Gefertigt aus Stoff, der aus recyceltem Kunststoff gewonnen wurde, kombiniert sie Umweltschutz mit modernem Stil. Im gepolsterten Innenfach mit Neoprenschutz an den Ecken ist Ihr Laptop bis 15,6&#8243; oder MacBook Pro bis 16&#8243; sicher aufgehoben. Eine gro\u00dfz\u00fcgige Au\u00dfentasche bietet zus\u00e4tzlichen Stauraum f\u00fcr [&hellip;]<\/p>\n","protected":false},"featured_media":12522,"template":"","meta":{"_acf_changed":false,"inline_featured_image":false},"product_brand":[],"product_cat":[91],"product_tag":[],"class_list":{"0":"post-12521","1":"product","2":"type-product","3":"status-publish","4":"has-post-thumbnail","6":"product_cat-reise-gepaeck","8":"first","9":"instock","10":"taxable","11":"shipping-taxable","12":"purchasable","13":"product-type-simple"},"acf":[],"_links":{"self":[{"href":"https:\/\/germanairways.com\/en\/wp-json\/wp\/v2\/product\/12521","targetHints":{"allow":["GET"]}}],"collection":[{"href":"https:\/\/germanairways.com\/en\/wp-json\/wp\/v2\/product"}],"about":[{"href":"https:\/\/germanairways.com\/en\/wp-json\/wp\/v2\/types\/product"}],"wp:featuredmedia":[{"embeddable":true,"href":"https:\/\/germanairways.com\/en\/wp-json\/wp\/v2\/media\/12522"}],"wp:attachment":[{"href":"https:\/\/germanairways.com\/en\/wp-json\/wp\/v2\/media?parent=12521"}],"wp:term":[{"taxonomy":"product_brand","embeddable":true,"href":"https:\/\/germanairways.com\/en\/wp-json\/wp\/v2\/product_brand?post=12521"},{"taxonomy":"product_cat","embeddable":true,"href":"https:\/\/germanairways.com\/en\/wp-json\/wp\/v2\/product_cat?post=12521"},{"taxonomy":"product_tag","embeddable":true,"href":"https:\/\/germanairways.com\/en\/wp-json\/wp\/v2\/product_tag?post=12521"}],"curies":[{"name":"wp","href":"https:\/\/api.w.org\/{rel}","templated":true}]}}