{"id":12527,"date":"2025-11-26T13:41:47","date_gmt":"2025-11-26T12:41:47","guid":{"rendered":"https:\/\/germanairways.com\/?post_type=product&#038;p=12527"},"modified":"2026-05-14T10:51:49","modified_gmt":"2026-05-14T08:51:49","slug":"travel-organiser-case","status":"publish","type":"product","link":"https:\/\/germanairways.com\/en\/produkt\/travelorganizer-case","title":{"rendered":"TravelOrganiser Case"},"content":{"rendered":"<p>The <em>TravelOrganiser<\/em> in elegant grey brings order to any travel chaos - whether for technology accessories, first-aid kit or everyday utensils. With its sturdy hard cover, it reliably protects what is important to you. Inside, elasticated holders and compartments keep things organised and secure. On the outside, the case impresses with its high-quality imitation leather and elegant feel. Whether you're on the go or at home - with the TravelOrganiser you'll always have an overview.<\/p>","protected":false},"excerpt":{"rendered":"<p>Der TravelOrganizer in elegantem Grau bringt Ordnung in jedes Reisechaos \u2013 ob f\u00fcr Technikzubeh\u00f6r, Reiseapotheke oder Alltagsutensilien. Mit seinem stabilen Hardcover sch\u00fctzt er zuverl\u00e4ssig, was Ihnen wichtig ist. Im Inneren sorgen elastische Halterungen und F\u00e4cher f\u00fcr \u00dcbersicht und sicheren Halt. Au\u00dfen \u00fcberzeugt das Etui mit hochwertigem Kunstleder und edler Haptik. Ob unterwegs oder zuhause \u2013 [&hellip;]<\/p>\n","protected":false},"featured_media":12528,"template":"","meta":{"_acf_changed":false,"inline_featured_image":false},"product_brand":[],"product_cat":[91],"product_tag":[],"class_list":{"0":"post-12527","1":"product","2":"type-product","3":"status-publish","4":"has-post-thumbnail","6":"product_cat-reise-gepaeck","8":"first","9":"instock","10":"taxable","11":"shipping-taxable","12":"purchasable","13":"product-type-simple"},"acf":[],"_links":{"self":[{"href":"https:\/\/germanairways.com\/en\/wp-json\/wp\/v2\/product\/12527","targetHints":{"allow":["GET"]}}],"collection":[{"href":"https:\/\/germanairways.com\/en\/wp-json\/wp\/v2\/product"}],"about":[{"href":"https:\/\/germanairways.com\/en\/wp-json\/wp\/v2\/types\/product"}],"wp:featuredmedia":[{"embeddable":true,"href":"https:\/\/germanairways.com\/en\/wp-json\/wp\/v2\/media\/12528"}],"wp:attachment":[{"href":"https:\/\/germanairways.com\/en\/wp-json\/wp\/v2\/media?parent=12527"}],"wp:term":[{"taxonomy":"product_brand","embeddable":true,"href":"https:\/\/germanairways.com\/en\/wp-json\/wp\/v2\/product_brand?post=12527"},{"taxonomy":"product_cat","embeddable":true,"href":"https:\/\/germanairways.com\/en\/wp-json\/wp\/v2\/product_cat?post=12527"},{"taxonomy":"product_tag","embeddable":true,"href":"https:\/\/germanairways.com\/en\/wp-json\/wp\/v2\/product_tag?post=12527"}],"curies":[{"name":"wp","href":"https:\/\/api.w.org\/{rel}","templated":true}]}}