{"id":12706,"date":"2025-11-20T01:27:50","date_gmt":"2025-11-20T00:27:50","guid":{"rendered":"https:\/\/germanairways.com\/?post_type=product&#038;p=12706"},"modified":"2026-05-14T10:51:50","modified_gmt":"2026-05-14T08:51:50","slug":"aeropro-backpack-german-airways-edition","status":"publish","type":"product","link":"https:\/\/germanairways.com\/en\/produkt\/aeropro-backpack-german-airways-edition","title":{"rendered":"AeroPro Backpack - German Airways Edition"},"content":{"rendered":"<p>The AeroPro Backpack in the German Airways Edition combines modern design with generous storage space. It is ideal for 15.6\u2033 laptops and 16\u2033 MacBooks and offers well thought-out internal and external organisation for work, travel and everyday use.<\/p>\n<p>Red zip pullers, a clearly positioned German Airways logo and a striking look make it a high-quality companion with recognition value. Thanks to its structured design, everything is clearly stowed away and quickly to hand - perfect for commuters and frequent travellers.<\/p>","protected":false},"excerpt":{"rendered":"<p>Der AeroPro Backpack in der German Airways Edition verbindet modernes Design mit gro\u00dfz\u00fcgigem Stauraum. Er eignet sich ideal f\u00fcr 15,6&#8243;-Laptops und 16&#8243; MacBooks und bietet eine durchdachte Innen- und Au\u00dfenorganisation f\u00fcr Arbeit, Reisen und den t\u00e4glichen Einsatz. Rote Zipper-Puller, ein klar platziertes German Airways Logo sowie ein markanter Look machen ihn zu einem hochwertigen Begleiter [&hellip;]<\/p>\n","protected":false},"featured_media":12708,"template":"","meta":{"_acf_changed":false,"inline_featured_image":false},"product_brand":[],"product_cat":[95,91],"product_tag":[],"class_list":{"0":"post-12706","1":"product","2":"type-product","3":"status-publish","4":"has-post-thumbnail","6":"product_cat-mitarbeiter","7":"product_cat-reise-gepaeck","9":"first","10":"instock","11":"taxable","12":"shipping-taxable","13":"purchasable","14":"product-type-simple"},"acf":[],"_links":{"self":[{"href":"https:\/\/germanairways.com\/en\/wp-json\/wp\/v2\/product\/12706","targetHints":{"allow":["GET"]}}],"collection":[{"href":"https:\/\/germanairways.com\/en\/wp-json\/wp\/v2\/product"}],"about":[{"href":"https:\/\/germanairways.com\/en\/wp-json\/wp\/v2\/types\/product"}],"wp:featuredmedia":[{"embeddable":true,"href":"https:\/\/germanairways.com\/en\/wp-json\/wp\/v2\/media\/12708"}],"wp:attachment":[{"href":"https:\/\/germanairways.com\/en\/wp-json\/wp\/v2\/media?parent=12706"}],"wp:term":[{"taxonomy":"product_brand","embeddable":true,"href":"https:\/\/germanairways.com\/en\/wp-json\/wp\/v2\/product_brand?post=12706"},{"taxonomy":"product_cat","embeddable":true,"href":"https:\/\/germanairways.com\/en\/wp-json\/wp\/v2\/product_cat?post=12706"},{"taxonomy":"product_tag","embeddable":true,"href":"https:\/\/germanairways.com\/en\/wp-json\/wp\/v2\/product_tag?post=12706"}],"curies":[{"name":"wp","href":"https:\/\/api.w.org\/{rel}","templated":true}]}}